{"id":87,"date":"2021-06-02T08:49:47","date_gmt":"2021-06-02T06:49:47","guid":{"rendered":"http:\/\/www.vesterr.dk\/?page_id=87"},"modified":"2025-06-23T11:53:06","modified_gmt":"2025-06-23T09:53:06","slug":"om-os","status":"publish","type":"page","link":"http:\/\/www.vesterr.dk\/?page_id=87","title":{"rendered":"Om os"},"content":{"rendered":"\n<p>Grundejerforeningen Vester blev oprettet 14 august 1966 og best\u00e5r af 48 parceller beliggende p\u00e5:<\/p>\n\n\n\n<p>Vesterg\u00e5rdsvej, Vesterengen og Vesterv\u00e6nget<\/p>\n\n\n\n<p><a href=\"http:\/\/www.vesterr.dk\/wp-content\/uploads\/2023\/05\/Vester-Vedtaegter-2022.pdf\"><strong>Vedt\u00e6gter<\/strong><\/a><\/p>\n\n\n\n<p><a href=\"http:\/\/www.vesterr.dk\/wp-content\/uploads\/2021\/06\/Ordensregler-Vester-1.pdf\"><strong>Ordensreglement<\/strong><\/a><\/p>\n\n\n\n<p><a href=\"http:\/\/www.vesterr.dk\/wp-content\/uploads\/2022\/05\/Matrikelkort.pdf\">Matrikelkort<\/a><\/p>\n\n\n\n<p><\/p>\n\n\n\n<p><\/p>\n","protected":false},"excerpt":{"rendered":"<p>Grundejerforeningen Vester blev oprettet 14 august 1966 og best\u00e5r af 48 parceller beliggende p\u00e5: Vesterg\u00e5rdsvej, Vesterengen og Vesterv\u00e6nget Vedt\u00e6gter Ordensreglement Matrikelkort<\/p>\n","protected":false},"author":1,"featured_media":0,"parent":0,"menu_order":0,"comment_status":"closed","ping_status":"closed","template":"","meta":{"_monsterinsights_skip_tracking":false,"_monsterinsights_sitenote_active":false,"_monsterinsights_sitenote_note":"","_monsterinsights_sitenote_category":0,"footnotes":""},"class_list":["post-87","page","type-page","status-publish","hentry"],"_links":{"self":[{"href":"http:\/\/www.vesterr.dk\/index.php?rest_route=\/wp\/v2\/pages\/87","targetHints":{"allow":["GET"]}}],"collection":[{"href":"http:\/\/www.vesterr.dk\/index.php?rest_route=\/wp\/v2\/pages"}],"about":[{"href":"http:\/\/www.vesterr.dk\/index.php?rest_route=\/wp\/v2\/types\/page"}],"author":[{"embeddable":true,"href":"http:\/\/www.vesterr.dk\/index.php?rest_route=\/wp\/v2\/users\/1"}],"replies":[{"embeddable":true,"href":"http:\/\/www.vesterr.dk\/index.php?rest_route=%2Fwp%2Fv2%2Fcomments&post=87"}],"version-history":[{"count":13,"href":"http:\/\/www.vesterr.dk\/index.php?rest_route=\/wp\/v2\/pages\/87\/revisions"}],"predecessor-version":[{"id":510,"href":"http:\/\/www.vesterr.dk\/index.php?rest_route=\/wp\/v2\/pages\/87\/revisions\/510"}],"wp:attachment":[{"href":"http:\/\/www.vesterr.dk\/index.php?rest_route=%2Fwp%2Fv2%2Fmedia&parent=87"}],"curies":[{"name":"wp","href":"https:\/\/api.w.org\/{rel}","templated":true}]}}